{"id":2064,"date":"2025-03-06T08:02:58","date_gmt":"2025-03-06T08:02:58","guid":{"rendered":"https:\/\/www.retuna.co\/?page_id=2064"},"modified":"2025-03-06T08:21:56","modified_gmt":"2025-03-06T08:21:56","slug":"garantikapsami","status":"publish","type":"page","link":"https:\/\/www.retuna.co\/en\/garantikapsami\/","title":{"rendered":"Scope of Warranty"},"content":{"rendered":"<div data-elementor-type=\"wp-page\" data-elementor-id=\"2064\" class=\"elementor elementor-2064\" data-elementor-post-type=\"page\">\n\t\t\t\t<div class=\"elementor-element elementor-element-368f8fc e-flex e-con-boxed e-con e-parent\" data-id=\"368f8fc\" data-element_type=\"container\" data-e-type=\"container\" data-settings=\"{&quot;background_background&quot;:&quot;classic&quot;}\">\n\t\t\t\t\t<div class=\"e-con-inner\">\n\t\t\t\t<div class=\"elementor-element elementor-element-20d5991 elementor-widget elementor-widget-heading\" data-id=\"20d5991\" data-element_type=\"widget\" data-e-type=\"widget\" data-widget_type=\"heading.default\">\n\t\t\t\t<div class=\"elementor-widget-container\">\n\t\t\t\t\t<h2 class=\"elementor-heading-title elementor-size-default\">SCOPE OF WARRANTY<\/h2>\t\t\t\t<\/div>\n\t\t\t\t<\/div>\n\t\t\t\t<div class=\"elementor-element elementor-element-e74e9be elementor-widget elementor-widget-text-editor\" data-id=\"e74e9be\" data-element_type=\"widget\" data-e-type=\"widget\" data-widget_type=\"text-editor.default\">\n\t\t\t\t<div class=\"elementor-widget-container\">\n\t\t\t\t\t\t\t\t\t<p>As Retuna, we take care to maintain high quality and durability standards in all our products. We have made our warranty process transparent and easy to understand so that our users can use our products with confidence.<\/p>\t\t\t\t\t\t\t\t<\/div>\n\t\t\t\t<\/div>\n\t\t\t\t\t<\/div>\n\t\t\t\t<\/div>\n\t\t<div class=\"elementor-element elementor-element-e917284 e-con-full e-flex e-con e-parent\" data-id=\"e917284\" data-element_type=\"container\" data-e-type=\"container\" data-settings=\"{&quot;background_background&quot;:&quot;classic&quot;}\">\n\t\t\t\t<div class=\"elementor-element elementor-element-4bda291 elementor-widget__width-inherit elementor-widget elementor-widget-toggle\" data-id=\"4bda291\" data-element_type=\"widget\" data-e-type=\"widget\" data-widget_type=\"toggle.default\">\n\t\t\t\t<div class=\"elementor-widget-container\">\n\t\t\t\t\t\t\t<div class=\"elementor-toggle\">\n\t\t\t\t\t\t\t<div class=\"elementor-toggle-item\">\n\t\t\t\t\t<div id=\"elementor-tab-title-7951\" class=\"elementor-tab-title\" data-tab=\"1\" role=\"button\" aria-controls=\"elementor-tab-content-7951\" aria-expanded=\"false\">\n\t\t\t\t\t\t\t\t\t\t\t\t<a class=\"elementor-toggle-title\" tabindex=\"0\">Warranty Period<\/a>\n\t\t\t\t\t<\/div>\n\n\t\t\t\t\t<div id=\"elementor-tab-content-7951\" class=\"elementor-tab-content elementor-clearfix\" data-tab=\"1\" role=\"region\" aria-labelledby=\"elementor-tab-title-7951\"><p data-start=\"357\" data-end=\"467\">Retuna products <strong data-start=\"3127\" data-end=\"3167\">are under warranty for 1 year from the date of purchase.<\/strong> The warranty period, <strong data-start=\"3215\" data-end=\"3232\">starts with the invoice date<\/strong> .<\/p><\/div>\n\t\t\t\t<\/div>\n\t\t\t\t\t\t\t<div class=\"elementor-toggle-item\">\n\t\t\t\t\t<div id=\"elementor-tab-title-7952\" class=\"elementor-tab-title\" data-tab=\"2\" role=\"button\" aria-controls=\"elementor-tab-content-7952\" aria-expanded=\"false\">\n\t\t\t\t\t\t\t\t\t\t\t\t<a class=\"elementor-toggle-title\" tabindex=\"0\">Scope of Warranty<\/a>\n\t\t\t\t\t<\/div>\n\n\t\t\t\t\t<div id=\"elementor-tab-content-7952\" class=\"elementor-tab-content elementor-clearfix\" data-tab=\"2\" role=\"region\" aria-labelledby=\"elementor-tab-title-7952\"><p data-start=\"3281\" data-end=\"3379\">The warranty <strong data-start=\"3290\" data-end=\"3327\">covers malfunctions due to manufacturing defects.<\/strong> The following situations are covered by the warranty:<\/p><p><strong data-start=\"3383\" data-end=\"3430\">\u2714 Hardware and workmanship errors caused by production<\/strong><\/p><p><strong data-start=\"3435\" data-end=\"3496\">\u2714 Mechanical failures that occur under normal usage conditions<\/strong><\/p><p><strong data-start=\"3501\" data-end=\"3558\">\u2714 Functionality issues caused by installation errors<\/strong><\/p><\/div>\n\t\t\t\t<\/div>\n\t\t\t\t\t\t\t<div class=\"elementor-toggle-item\">\n\t\t\t\t\t<div id=\"elementor-tab-title-7953\" class=\"elementor-tab-title\" data-tab=\"3\" role=\"button\" aria-controls=\"elementor-tab-content-7953\" aria-expanded=\"false\">\n\t\t\t\t\t\t\t\t\t\t\t\t<a class=\"elementor-toggle-title\" tabindex=\"0\">Situations Not Covered by Warranty<\/a>\n\t\t\t\t\t<\/div>\n\n\t\t\t\t\t<div id=\"elementor-tab-content-7953\" class=\"elementor-tab-content elementor-clearfix\" data-tab=\"3\" role=\"region\" aria-labelledby=\"elementor-tab-title-7953\"><p data-start=\"3619\" data-end=\"3672\">The following situations <strong data-start=\"3657\" data-end=\"3669\">are not covered by the warranty<\/strong>:<\/p><p data-start=\"3674\" data-end=\"4057\">\u274c <strong data-start=\"3676\" data-end=\"3714\">Damages caused by user error<\/strong> (Fall, impact, liquid contact, etc.)<br data-start=\"3746\" data-end=\"3749\" \/>\u274c <strong data-start=\"3751\" data-end=\"3816\">Malfunctions resulting from improper use or unauthorized intervention<\/strong><br data-start=\"3816\" data-end=\"3819\" \/>\u274c <strong data-start=\"3821\" data-end=\"3853\">Damages due to external factors<\/strong> (Fire, flooding, power surges, etc.)<br data-start=\"3903\" data-end=\"3906\" \/>\u274c <strong data-start=\"3908\" data-end=\"3953\">Deformations due to wear and tear<\/strong> (Coating peeling, scratches, etc.)<br data-start=\"3987\" data-end=\"3990\" \/>\u274c <strong data-start=\"3992\" data-end=\"4055\">Problems that occur after unauthorized technical service intervention<\/strong><\/p><p data-start=\"4059\" data-end=\"4259\">In case of a malfunction outside the warranty, <strong data-start=\"4102\" data-end=\"4150\">you only need to pay the shipping fee.<\/strong><br data-start=\"4150\" data-end=\"4153\" \/><strong data-start=\"4153\" data-end=\"4257\">Minor repairs will be carried out free of charge, and for major repairs you will be informed in advance.<\/strong><\/p><\/div>\n\t\t\t\t<\/div>\n\t\t\t\t\t\t\t<div class=\"elementor-toggle-item\">\n\t\t\t\t\t<div id=\"elementor-tab-title-7954\" class=\"elementor-tab-title\" data-tab=\"4\" role=\"button\" aria-controls=\"elementor-tab-content-7954\" aria-expanded=\"false\">\n\t\t\t\t\t\t\t\t\t\t\t\t<a class=\"elementor-toggle-title\" tabindex=\"0\">Warranty Claim and Operation<\/a>\n\t\t\t\t\t<\/div>\n\n\t\t\t\t\t<div id=\"elementor-tab-content-7954\" class=\"elementor-tab-content elementor-clearfix\" data-tab=\"4\" role=\"region\" aria-labelledby=\"elementor-tab-title-7954\"><p data-start=\"4306\" data-end=\"4391\">To initiate a warranty claim, you can follow these steps:<\/p><h6 data-start=\"4393\" data-end=\"4434\"><span style=\"text-decoration: underline;\"><strong data-start=\"4397\" data-end=\"4432\">1. Prepare the Required Documents<\/strong><\/span><\/h6><ul data-start=\"4435\" data-end=\"4506\"><li data-start=\"4435\" data-end=\"4506\"><strong data-start=\"4437\" data-end=\"4454\">Product invoice<\/strong> (Required for verification of warranty period.)<\/li><\/ul><h6 data-start=\"4508\" data-end=\"4544\"><span style=\"text-decoration: underline;\"><strong data-start=\"4512\" data-end=\"4542\">2. Contact Our Support Team<\/strong><\/span><\/h6><ul data-start=\"4545\" data-end=\"4735\"><li data-start=\"4545\" data-end=\"4654\"><strong data-start=\"4547\" data-end=\"4594\"><a rel=\"noopener\" data-start=\"4549\" data-end=\"4592\">destek@retuna.co<\/a><\/strong> Please send an e-mail to and explain your problem in detail.<\/li><li data-start=\"4655\" data-end=\"4735\">If possible, <strong data-start=\"4666\" data-end=\"4699\">you can explain the problem better by adding photos or videos<\/strong> .<\/li><\/ul><h6 data-start=\"4737\" data-end=\"4787\"><span style=\"text-decoration: underline;\"><strong data-start=\"4741\" data-end=\"4785\">3. Technical Assessment and Repair Process<\/strong><\/span><\/h6><ul data-start=\"4788\" data-end=\"5109\"><li data-start=\"4788\" data-end=\"4890\">Our technical team will review whether the product is under warranty and get back to you.<\/li><li data-start=\"4891\" data-end=\"4975\">If the product is under warranty, <strong data-start=\"4926\" data-end=\"4958\">free repair or replacement will be provided<\/strong> .<\/li><li data-start=\"4976\" data-end=\"5109\">In out-of-warranty cases, <strong data-start=\"5003\" data-end=\"5045\">minor repairs will be carried out free of charge.<\/strong> For major repairs, you will be informed and your approval will be obtained.<\/li><\/ul><h6 data-start=\"5111\" data-end=\"5139\"><span style=\"text-decoration: underline;\"><strong data-start=\"5115\" data-end=\"5137\">4. Cargo Procedures<\/strong><\/span><\/h6><ul data-start=\"5140\" data-end=\"5284\"><li data-start=\"5140\" data-end=\"5221\"><strong data-start=\"5142\" data-end=\"5219\">Shipping costs for products under warranty are covered by Retuna.<\/strong><\/li><li data-start=\"5222\" data-end=\"5284\"><strong data-start=\"5224\" data-end=\"5282\">For products out of warranty, shipping costs are the responsibility of the customer.<\/strong><\/li><\/ul><\/div>\n\t\t\t\t<\/div>\n\t\t\t\t\t\t\t\t<\/div>\n\t\t\t\t\t\t<\/div>\n\t\t\t\t<\/div>\n\t\t\t\t<\/div>\n\t\t\t\t<\/div>","protected":false},"excerpt":{"rendered":"<p>GARANT\u0130 KAPSAMI Retuna olarak, t\u00fcm \u00fcr\u00fcnlerimizde y\u00fcksek kalite ve dayan\u0131kl\u0131l\u0131k standartlar\u0131n\u0131 korumaya \u00f6zen g\u00f6steriyoruz. Kullan\u0131c\u0131lar\u0131m\u0131z\u0131n g\u00fcvenle \u00fcr\u00fcnlerimizi kullanabilmesi i\u00e7in garanti s\u00fcrecimizi \u015feffaf ve kolay anla\u015f\u0131l\u0131r hale getirdik. Garanti S\u00fcresi Retuna \u00fcr\u00fcnleri, sat\u0131n alma tarihinden itibaren 1 y\u0131l boyunca garanti kapsam\u0131ndad\u0131r. Garanti s\u00fcresi, fatura tarihi ile ba\u015flar. Garanti Kapsam\u0131 Garanti, \u00fcretim hatalar\u0131na ba\u011fl\u0131 ar\u0131zalar\u0131 kapsar. A\u015fa\u011f\u0131daki [&hellip;]<\/p>\n","protected":false},"author":2,"featured_media":0,"parent":0,"menu_order":0,"comment_status":"closed","ping_status":"closed","template":"","meta":{"footnotes":""},"class_list":["post-2064","page","type-page","status-publish","hentry"],"_links":{"self":[{"href":"https:\/\/www.retuna.co\/en\/wp-json\/wp\/v2\/pages\/2064","targetHints":{"allow":["GET"]}}],"collection":[{"href":"https:\/\/www.retuna.co\/en\/wp-json\/wp\/v2\/pages"}],"about":[{"href":"https:\/\/www.retuna.co\/en\/wp-json\/wp\/v2\/types\/page"}],"author":[{"embeddable":true,"href":"https:\/\/www.retuna.co\/en\/wp-json\/wp\/v2\/users\/2"}],"replies":[{"embeddable":true,"href":"https:\/\/www.retuna.co\/en\/wp-json\/wp\/v2\/comments?post=2064"}],"version-history":[{"count":4,"href":"https:\/\/www.retuna.co\/en\/wp-json\/wp\/v2\/pages\/2064\/revisions"}],"predecessor-version":[{"id":2079,"href":"https:\/\/www.retuna.co\/en\/wp-json\/wp\/v2\/pages\/2064\/revisions\/2079"}],"wp:attachment":[{"href":"https:\/\/www.retuna.co\/en\/wp-json\/wp\/v2\/media?parent=2064"}],"curies":[{"name":"wp","href":"https:\/\/api.w.org\/{rel}","templated":true}]}}