{"id":218,"date":"2024-11-06T18:00:09","date_gmt":"2024-11-06T18:00:09","guid":{"rendered":"https:\/\/retuna.co\/?page_id=218"},"modified":"2025-08-26T09:12:26","modified_gmt":"2025-08-26T09:12:26","slug":"hakkimizda","status":"publish","type":"page","link":"https:\/\/www.retuna.co\/en\/hakkimizda\/","title":{"rendered":"ABOUT US"},"content":{"rendered":"<div data-elementor-type=\"wp-page\" data-elementor-id=\"218\" class=\"elementor elementor-218\" data-elementor-post-type=\"page\">\n\t\t\t\t<div class=\"elementor-element elementor-element-d3ed79e e-flex e-con-boxed e-con e-parent\" data-id=\"d3ed79e\" data-element_type=\"container\" data-e-type=\"container\">\n\t\t\t\t\t<div class=\"e-con-inner\">\n\t\t<div class=\"elementor-element elementor-element-62890be0 e-con-full e-flex e-con e-child\" data-id=\"62890be0\" data-element_type=\"container\" data-e-type=\"container\">\n\t\t\t\t<div class=\"elementor-element elementor-element-165387ff animated-slow elementor-invisible elementor-widget elementor-widget-heading\" data-id=\"165387ff\" data-element_type=\"widget\" data-e-type=\"widget\" data-settings=\"{&quot;_animation&quot;:&quot;slideInUp&quot;}\" data-widget_type=\"heading.default\">\n\t\t\t\t<div class=\"elementor-widget-container\">\n\t\t\t\t\t<h2 class=\"elementor-heading-title elementor-size-default\">ABOUT US<\/h2>\t\t\t\t<\/div>\n\t\t\t\t<\/div>\n\t\t<div class=\"elementor-element elementor-element-21699c7 e-con-full e-flex e-con e-child\" data-id=\"21699c7\" data-element_type=\"container\" data-e-type=\"container\">\n\t\t\t\t<div class=\"elementor-element elementor-element-f3f6511 animated-slow elementor-invisible elementor-widget elementor-widget-text-editor\" data-id=\"f3f6511\" data-element_type=\"widget\" data-e-type=\"widget\" data-settings=\"{&quot;_animation&quot;:&quot;slideInUp&quot;}\" data-widget_type=\"text-editor.default\">\n\t\t\t\t<div class=\"elementor-widget-container\">\n\t\t\t\t\t\t\t\t\t<p>As Retuna, we are an innovative team with the mission of making ophthalmological imaging technology accessible to everyone. With our expertise in ophthalmology and our passion for technological innovations, we aim to offer the most effective solutions to eye health professionals and individual users.<\/p>\n<p>Our team develops systems that make eye examination and imaging processes, documentation of findings and easy management of patient data more practical and faster. Our products combine high-quality imaging, portability and user-friendly design to deliver a groundbreaking experience in ophthalmology.<\/p>\n<p>Our systems, compatible with every phone model, bring ophthalmological examination and imaging devices to everyone's pocket, making eye health studies accessible not only to professionals but also to a wider audience. With our BioMag and EyeMag series, we offer innovative solutions that meet many needs, from posterior segment imaging to biomicroscope observations.<\/p>\n<p>As Retuna, we believe that protecting and improving eye health is possible with technology. We continue our work to create a better visual experience for everyone and are determined to make a difference in the field of ophthalmology. We invite you to discover our innovative products and take a step forward in eye health technology.<\/p>\t\t\t\t\t\t\t\t<\/div>\n\t\t\t\t<\/div>\n\t\t\t\t<\/div>\n\t\t\t\t<\/div>\n\t\t\t\t\t<\/div>\n\t\t\t\t<\/div>\n\t\t\t\t<\/div>","protected":false},"excerpt":{"rendered":"<p>HAKKIMIZDA Retuna olarak, oftalmolojik g\u00f6r\u00fcnt\u00fcleme teknolojisini herkes i\u00e7in eri\u015filebilir hale getirme misyonuyla yola \u00e7\u0131kan yenilik\u00e7i bir ekibiz. Oftalmoloji alan\u0131ndaki uzmanl\u0131\u011f\u0131m\u0131z ve teknolojik yeniliklere olan tutkumuzla, g\u00f6z sa\u011fl\u0131\u011f\u0131 profesyonellerine ve bireysel kullan\u0131c\u0131lara en etkili \u00e7\u00f6z\u00fcmleri sunmay\u0131 hedefliyoruz. Ekibimiz, g\u00f6z muayene ve g\u00f6r\u00fcnt\u00fcleme s\u00fcre\u00e7lerini, bulgular\u0131n d\u00f6k\u00fcmantasyonunu ve hasta verilerinin kolay y\u00f6netimini daha pratik ve h\u0131zl\u0131 hale getiren [&hellip;]<\/p>\n","protected":false},"author":2,"featured_media":0,"parent":0,"menu_order":0,"comment_status":"closed","ping_status":"closed","template":"","meta":{"footnotes":""},"class_list":["post-218","page","type-page","status-publish","hentry"],"_links":{"self":[{"href":"https:\/\/www.retuna.co\/en\/wp-json\/wp\/v2\/pages\/218","targetHints":{"allow":["GET"]}}],"collection":[{"href":"https:\/\/www.retuna.co\/en\/wp-json\/wp\/v2\/pages"}],"about":[{"href":"https:\/\/www.retuna.co\/en\/wp-json\/wp\/v2\/types\/page"}],"author":[{"embeddable":true,"href":"https:\/\/www.retuna.co\/en\/wp-json\/wp\/v2\/users\/2"}],"replies":[{"embeddable":true,"href":"https:\/\/www.retuna.co\/en\/wp-json\/wp\/v2\/comments?post=218"}],"version-history":[{"count":38,"href":"https:\/\/www.retuna.co\/en\/wp-json\/wp\/v2\/pages\/218\/revisions"}],"predecessor-version":[{"id":2366,"href":"https:\/\/www.retuna.co\/en\/wp-json\/wp\/v2\/pages\/218\/revisions\/2366"}],"wp:attachment":[{"href":"https:\/\/www.retuna.co\/en\/wp-json\/wp\/v2\/media?parent=218"}],"curies":[{"name":"wp","href":"https:\/\/api.w.org\/{rel}","templated":true}]}}