{"id":2434,"date":"2026-02-05T07:54:48","date_gmt":"2026-02-05T07:54:48","guid":{"rendered":"https:\/\/www.retuna.co\/privacy\/"},"modified":"2026-04-06T08:58:20","modified_gmt":"2026-04-06T08:58:20","slug":"nodusaprivacypolicy","status":"publish","type":"page","link":"https:\/\/www.retuna.co\/en\/nodusaprivacypolicy\/","title":{"rendered":"Nodusa Privacy Policy"},"content":{"rendered":"<div data-elementor-type=\"wp-page\" data-elementor-id=\"2434\" class=\"elementor elementor-2434\" data-elementor-post-type=\"page\">\n\t\t\t\t<div class=\"elementor-element elementor-element-6540151 e-flex e-con-boxed e-con e-parent\" data-id=\"6540151\" data-element_type=\"container\" data-e-type=\"container\">\n\t\t\t\t\t<div class=\"e-con-inner\">\n\t\t\t\t<div class=\"elementor-element elementor-element-17299cb elementor-widget elementor-widget-html\" data-id=\"17299cb\" data-element_type=\"widget\" data-e-type=\"widget\" data-widget_type=\"html.default\">\n\t\t\t\t<div class=\"elementor-widget-container\">\n\t\t\t\t\t<!DOCTYPE html>\r\n<html lang=\"tr\">\r\n<head>\r\n<meta charset=\"UTF-8\">\r\n<meta name=\"viewport\" content=\"width=device-width, initial-scale=1.0\">\r\n<style>\r\n  \/* --- GENEL AYARLAR --- *\/\r\n  .kvkk-metni {\r\n    background-color: #ffffff;\r\n    color: #223940;\r\n    font-family: 'montserrat', system-ui, -apple-system, sans-serif;\r\n    line-height: 1.7; \/* Okunabilirlik i\u00e7in sat\u0131r y\u00fcksekli\u011fi artt\u0131 *\/\r\n    padding: 60px 20px;\r\n    max-width: 1000px;\r\n    margin: 0 auto;\r\n    font-size: 15px;\r\n  }\r\n\r\n  \/* --- BA\u015eLIKLAR --- *\/\r\n  .kvkk-metni h1 {\r\n    font-size: 34px;\r\n    font-weight: 800;\r\n    text-align: center;\r\n    margin-bottom: 40px;\r\n    color: #223940;\r\n    letter-spacing: -0.5px;\r\n  }\r\n\r\n  .kvkk-metni h3 {\r\n    font-size: 20px;\r\n    font-weight: 700;\r\n    margin-top: 50px;\r\n    margin-bottom: 25px;\r\n    padding-bottom: 12px;\r\n    border-bottom: 2px solid rgba(34, 57, 64, 0.15);\r\n    color: #223940;\r\n  }\r\n\r\n  \/* --- PARAGRAFLAR VE L\u0130STELER --- *\/\r\n  .kvkk-metni p {\r\n    margin-bottom: 18px;\r\n    text-align: justify;\r\n  }\r\n\r\n  .kvkk-metni > ul { \/* Sadece ana metindeki listeler *\/\r\n    margin-bottom: 25px;\r\n    padding-left: 25px;\r\n  }\r\n\r\n  .kvkk-metni > ul li {\r\n    margin-bottom: 10px;\r\n  }\r\n\r\n  \/* --- YEN\u0130 TABLO TASARIMI --- *\/\r\n  \r\n  \/* Tablo Kapsay\u0131c\u0131 (G\u00f6lge ve Yuvarlakl\u0131k i\u00e7in) *\/\r\n  .tablo-kapsayici {\r\n    margin: 40px 0;\r\n    box-shadow: 0 10px 30px rgba(34, 57, 64, 0.08); \/* Yumu\u015fak g\u00f6lge *\/\r\n    border-radius: 16px; \/* Yuvarlak k\u00f6\u015feler *\/\r\n    overflow: hidden; \/* K\u00f6\u015felerin ta\u015fmas\u0131n\u0131 \u00f6nler *\/\r\n    border: 1px solid rgba(34, 57, 64, 0.1); \/* \u00c7ok ince d\u0131\u015f \u00e7er\u00e7eve *\/\r\n  }\r\n\r\n  .kvkk-tablo {\r\n    width: 100%;\r\n    border-collapse: collapse;\r\n    font-size: 15px;\r\n    text-align: left;\r\n  }\r\n\r\n  \/* Tablo Ba\u015fl\u0131\u011f\u0131 (Header) *\/\r\n  .kvkk-tablo thead th {\r\n    background-color: #223940; \/* Marka rengi arka plan *\/\r\n    color: #ffffff; \/* Beyaz yaz\u0131 *\/\r\n    padding: 20px;\r\n    font-weight: 700;\r\n    letter-spacing: 0.5px;\r\n  }\r\n\r\n  \/* Tablo G\u00f6vdesi (Body) *\/\r\n  .kvkk-tablo td {\r\n    padding: 20px;\r\n    vertical-align: top;\r\n    border-bottom: 1px solid rgba(34, 57, 64, 0.1); \/* Sadece yatay \u00e7izgiler *\/\r\n    color: #223940;\r\n    background-color: #ffffff;\r\n  }\r\n\r\n  \/* Sat\u0131r Hover Efekti *\/\r\n  .kvkk-tablo tbody tr:hover td {\r\n    background-color: rgba(34, 57, 64, 0.02); \/* \u00dczerine gelince \u00e7ok hafif koyula\u015fma *\/\r\n  }\r\n\r\n  \/* Son sat\u0131r\u0131n alt \u00e7izgisini kald\u0131r *\/\r\n  .kvkk-tablo tbody tr:last-child td {\r\n    border-bottom: none;\r\n  }\r\n\r\n  \/* Tablo i\u00e7i listeler *\/\r\n  .kvkk-tablo td ul {\r\n    margin: 0;\r\n    padding-left: 18px;\r\n  }\r\n\r\n  .kvkk-tablo td ul li {\r\n    margin-bottom: 6px;\r\n  }\r\n\r\n  \/* --- MOB\u0130L UYUM --- *\/\r\n  @media (max-width: 768px) {\r\n    .kvkk-metni {\r\n      padding: 30px 15px;\r\n    }\r\n    .kvkk-metni h1 {\r\n      font-size: 26px;\r\n    }\r\n    \/* Mobilde tablolar\u0131n yatay kayd\u0131r\u0131lmas\u0131 *\/\r\n    .tablo-kapsayici {\r\n      overflow-x: auto;\r\n      -webkit-overflow-scrolling: touch;\r\n      border-radius: 12px;\r\n    }\r\n    .kvkk-tablo {\r\n      min-width: 650px; \/* \u0130\u00e7erik s\u0131k\u0131\u015fmas\u0131n diye minimum geni\u015flik *\/\r\n    }\r\n    .kvkk-tablo th, .kvkk-tablo td {\r\n        padding: 15px; \/* Mobilde biraz daha az bo\u015fluk *\/\r\n    }\r\n  }\r\n<\/style>\r\n<\/head>\r\n<body>\r\n\r\n<div class=\"kvkk-metni\">\r\n\r\n  <h1>Nodusa GDPR &amp; Privacy Policy<\/h1>\r\n\r\n  <p>As the Nodusa Application (hereinafter, \u201cData Controller\u201d, \u201cNodusa\u201d or \u201cApplication\u201d) (Alacaatl\u0131 Mah. 3381\/1. Cad. No:8\/37 \u00c7ankaya\/ANKARA), operating under the sole proprietorship of Mehmet Tuna Ayg\u00fcn, we attach great importance to the security and privacy of your personal data. Your personal data is collected and processed within the scope of this Privacy Notice<\/p>\r\n  \r\n  <p>Nodusa is a mobile application developed to enable physicians to systematically record health data, patient images, and records regarding their patients. The Application is accessible in the form of mobile application in iOS and Android, and designed to store all patient data locally on the user's registered device. Nodusa operates on a Strict Local Storage architecture, meaning that patient records, photos, videos, and notes are NEVER uploaded, transferred, or stored on Nodusa's servers, databases, or any third-party cloud infrastructure managed by Nodusa. All patient data remains under the exclusive physical and cryptographic control of the user on their personal device.\n\nNodusa acts as a data controller regarding the collection, use and sharing of the information that you provide. When you register and subscribe to the platform, you agree to act as the data controller for the health data of the patients to be registered in the system. This means that data related directly with patients are processed according to your instructions as data controller.<\/p>\r\n\r\n  <h3>1. PROCESSED PERSONAL DATA<\/h3>\r\n  <p>By using our Platform, you may provide us with information, some of which may identify you. This information contains in particular the following data:<\/p>\r\n  <ul>\r\n    <li><strong>Identity Information:<\/strong> Name Surname<\/li>\r\n    <li><strong>Contact Information:<\/strong> Phone number, email address<\/li>\r\n    <li><strong>Transaction Security Information:<\/strong> \u015eifre\/Parola bilgileri, IP adres bilgileri, Log Kay\u0131tlar\u0131<\/li>\r\n    <li><strong>Professional Experience Information:<\/strong> Professional knowledge, title, area of \u200b\u200bexpertise\/department<\/li>\r\n    <li><strong>Other Information:<\/strong> Data types to be determined by the user: subscription information, device information.<\/li>\r\n  <\/ul>\r\n\r\n  <h3>2. PURPOSES OF PROCESSING YOUR PERSONAL DATA<\/h3>\r\n  <p>Your personal data is collected and processed by Nodusa directly from you through the application for the purposes mentioned below, based on the legal grounds listed in Articles 5, 6, 8 and 9 of the KVKK (Personal Data Protection Law).<\/p>\r\n\r\n  <div class=\"tablo-kapsayici\">\r\n    <table class=\"kvkk-tablo\">\r\n      <thead>\r\n        <tr>\r\n          <th width=\"30%\">OBJECTIVES<\/th>\r\n          <th width=\"35%\">LEGAL BASIS<\/th>\r\n          <th width=\"35%\">DATA CATEGORY<\/th>\r\n        <\/tr>\r\n      <\/thead>\r\n      <tbody>\r\n        <tr>\r\n          <td>Creating your account on the application<\/td>\r\n          <td>\r\n            <ul>\r\n              <li>It must be necessary for the formation and performance of the contract.<\/li>\r\n              <li>Legitimate interest of the data controller<\/li>\r\n            <\/ul>\r\n          <\/td>\r\n          <td>\r\n            <ul>\r\n              <li>Credentials<\/li>\r\n              <li>Contact Information<\/li>\r\n              <li>Professional Experience Information<\/li>\r\n              <li>Transaction Security Information<\/li>\r\n              <li>Other Information<\/li>\r\n            <\/ul>\r\n          <\/td>\r\n        <\/tr>\r\n        <tr>\r\n          <td>The operation of the application and the provision of services through the Application<\/td>\r\n          <td>\r\n            <ul>\r\n              <li>It must be necessary for the formation and performance of the contract.<\/li>\r\n              <li>In order for the data controller to fulfill its legal obligations.<\/li>\r\n              <li>Legitimate interest of the data controller<\/li>\r\n            <\/ul>\r\n          <\/td>\r\n          <td>\r\n            <ul>\r\n              <li>Credentials<\/li>\r\n              <li>Contact Information<\/li>\r\n              <li>Transaction Security Information<\/li>\r\n              <li>Other Information<\/li>\r\n            <\/ul>\r\n          <\/td>\r\n        <\/tr>\r\n        <tr>\r\n          <td>Storage of user records and allowing you to personalize your profile on the Application<\/td>\r\n          <td>\r\n            <ul>\r\n              <li>It must be necessary for the formation and performance of the contract.<\/li>\r\n              <li>Legitimate interest of the data controller<\/li>\r\n            <\/ul>\r\n          <\/td>\r\n          <td>\r\n            <ul>\r\n              <li>Credentials<\/li>\r\n              <li>Contact Information<\/li>\r\n              <li>Professional Experience Information<\/li>\r\n              <li>Other Information<\/li>\r\n            <\/ul>\r\n          <\/td>\r\n        <\/tr>\r\n        <tr>\r\n          <td>Ensuring that you benefit from the products and services provided within the scope of your membership<\/td>\r\n          <td>\r\n            <ul>\r\n              <li>It must be necessary for the formation and performance of the contract.<\/li>\r\n              <li>In order for the data controller to fulfill its legal obligations.<\/li>\r\n              <li>Establishment or protection of a right<\/li>\r\n            <\/ul>\r\n          <\/td>\r\n          <td>\r\n            <ul>\r\n              <li>Credentials<\/li>\r\n              <li>Contact Information<\/li>\r\n              <li>Other Information<\/li>\r\n            <\/ul>\r\n          <\/td>\r\n        <\/tr>\r\n        <tr>\r\n          <td>You will be contacted regarding your membership and activities.<\/td>\r\n          <td>\r\n            <ul>\r\n              <li>Legitimate interest of the data controller<\/li>\r\n            <\/ul>\r\n          <\/td>\r\n          <td>\r\n            <ul>\r\n              <li>Credentials<\/li>\r\n              <li>Contact Information<\/li>\r\n              <li>Transaction Security Information<\/li>\r\n              <li>Other Information<\/li>\r\n            <\/ul>\r\n          <\/td>\r\n        <\/tr>\r\n        <tr>\r\n          <td>In cases where authorized institutions or organizations request something from our company, or where we are expected to notify these institutions, we will fulfill our legal obligations.<\/td>\r\n          <td>\r\n            <ul>\r\n              <li>Legitimate interest of the data controller<\/li>\r\n              <li>In order for the data controller to fulfill its legal obligations.<\/li>\r\n              <li>It is permissible to give consent only if the person is unable to do so due to factual impossibility or if their consent is not legally valid, and this is necessary for the protection of their own life or the life or physical integrity of another person.<\/li>\r\n            <\/ul>\r\n          <\/td>\r\n          <td>\r\n            <ul>\r\n              <li>Credentials<\/li>\r\n              <li>Contact Information<\/li>\r\n              <li>Transaction Security Information<\/li>\r\n              <li>Other Information<\/li>\r\n            <\/ul>\r\n          <\/td>\r\n        <\/tr>\r\n      <\/tbody>\r\n    <\/table>\r\n  <\/div>\r\n\r\n  <p>In some of its operations, the application may require your explicit consent when processing your personal data. Our company collects, stores, and processes the personal data listed below based on your explicit consent, in accordance with Article 5\/1 of the KVKK (Personal Data Protection Law), for the purposes listed below.<\/p>\r\n\r\n  <div class=\"tablo-kapsayici\">\r\n    <table class=\"kvkk-tablo\">\r\n      <thead>\r\n        <tr>\r\n          <th width=\"30%\">OBJECTIVES<\/th>\r\n          <th width=\"35%\">LEGAL BASIS<\/th>\r\n          <th width=\"35%\">DATA CATEGORY<\/th>\r\n        <\/tr>\r\n      <\/thead>\r\n      <tbody>\r\n        <tr>\r\n          <td>Providing access to photo and video recordings in the user library.<\/td>\r\n          <td>Explicit consent<\/td>\r\n          <td>\r\n            <ul>\r\n              <li>Contact Information<\/li>\r\n              <li>Transaction Security Information<\/li>\r\n              <li>Other Information<\/li>\r\n            <\/ul>\r\n          <\/td>\r\n        <\/tr>\r\n        <tr>\r\n          <td>Accessing the application using Face ID.<\/td>\r\n          <td>Explicit consent<\/td>\r\n          <td>\r\n            <ul>\r\n              <li>Transaction Security Information<\/li>\r\n              <li>Other Information<\/li>\r\n            <\/ul>\r\n          <\/td>\r\n        <\/tr>\r\n      <\/tbody>\r\n    <\/table>\r\n  <\/div>\r\n\r\n  <h3>3. ANONYMIZATION AND DELETE OF YOUR PERSONAL DATA<\/h3>\r\n  <p>Patient Data: Photos, videos, and notes belonging to patients you add to the application are NOT SENT TO OR STORED ON APPLICATION\u2019S SERVERS. This data is stored encrypted solely on your device or in your personal cloud account under your control. The Application does not have access to the written records of the transactions carried out by users regarding their patients and does not process or transfer such records.<\/p>\r\n  <p>Your personal data is retained for the duration of your membership and for the period of legal retention obligations (e.g., tax laws). When you delete your membership, your data on our servers is immediately deleted or anonymized.<\/p>\r\n\r\n  <h3>4. INABILITY TO PROCESS, STORAGE, AND TRANSFER WRITTEN NOTES AND VISUAL RECORDS OF USERS REGARDING THEIR PATIENTS<\/h3>\r\n  <p>Within the scope of the application, photographs of the user's patients are retrieved directly from the user's registered device's local gallery or cloud system (iCloud and Google Drive). This patient data is not processed, stored, or transferred in any way within the application's infrastructure, servers, or by the company that developed the application.<\/p>\r\n  <p>Nodusa is unable to access, process, or transfer written records of actions users take regarding their patients.<\/p>\r\n\r\n  <h3>5. YOUR RIGHTS AS A DATA SUBJECT (GDPR ARTICLES 15-21)<\/h3>\r\n  <p>You have the right to receive a copy of your Personal Data in our possession (\u201cright of access\u201d).<\/p>\r\n  <ul>\r\n    <li>For processing activities carried out on the basis of your consent, you may withdraw your consent at any time<\/li>\r\n    <li>You can also request the erasure of your Personal Data as well as the rectification of erroneous or obsolete Personal Data (\u201cright of erasure and right of rectification\u201d). Please note that Application may retain certain information about you when required to do so by law or when we have a legitimate reason to do so.<\/li>\r\n    <li>You also have the right to object at any time to (i) the processing of your Personal Data for direct marketing purposes, or (ii) other processing carried out on the basis of our legitimate interest for reasons relating to your particular situation (\u201cright to object\u201d).<\/li>\r\n    <li>You have the right to limit the processing carried out on your Personal Data (\u201cright to limitation\u201d). Please note that this right only applies if (i) you contest the accuracy of your Personal Data for the period allowing us to verify the accuracy of your Personal Data; (ii) in the event of unlawful processing on our part and you request a limitation of their use rather than erasure, (iii) we no longer need the personal data for the purposes of the processing but you still need them for the establishment, exercise or defense of legal claims; iv) in the event of exercising your right of opposition during the verification period to determine whether the legitimate reasons we are pursuing prevail over yours.<\/li>\r\n    <li>You also have the right to portability of your data, i.e. the right to receive the Personal Data you have provided to us in a structured, commonly used and machine-readable format and the right to transmit this data to another data controller (\u201cright to portability\u201d).<\/li>\r\n    <li>You have the right to lodge a complaint with the competent supervisory authority or obtain redress from the competent courts if you consider we have not respected your rights.<\/li>\r\n    <li>You also have the right to define directives relating to the fate of your Personal Data after your death.<\/li>\r\n    <li>The right to object to an outcome that is detrimental to oneself, resulting from the analysis of processed data exclusively through automated systems.<\/li>\r\n    <li>To exercise these rights, you can contact our Personal Data Protection Officer according to the terms defined in article 13 below.<\/li>\r\n  <\/ul>\r\n\r\n  <h3>6. IF YOU WISH TO CONTACT US REGARDING YOUR RIGHTS AND CLAIMS<\/h3>\r\n  <p>For any questions relating to this Privacy Policy or for any request relating to your Personal Data, you can contact Nodusa by sending an email to destek@retuna.co or by sending us a letter to the address mentioned at the top of this document.<\/p>\r\n\r\n<\/div>\r\n\r\n<\/body>\r\n<\/html>\t\t\t\t<\/div>\n\t\t\t\t<\/div>\n\t\t\t\t\t<\/div>\n\t\t\t\t<\/div>\n\t\t\t\t<\/div>","protected":false},"excerpt":{"rendered":"<p>Nodusa KVKK &#038; Gizlilik Politikas\u0131 Mehmet Tuna Ayg\u00fcn taraf\u0131ndan tasarlanan ve kullan\u0131ma sunulan Nodusa Uygulamas\u0131 (\u201cUygulama\u201d) taraf\u0131ndan toplanan ve i\u015flenen ki\u015fisel veriler, Uygulama\u2019n\u0131n korumas\u0131 alt\u0131ndad\u0131r. Ki\u015fisel veriler Uygulama taraf\u0131ndan i\u015fbu Ayd\u0131nlatma Metni kapsam\u0131nda 6698 say\u0131l\u0131 Ki\u015fisel Verilerin Korunmas\u0131 Kanunu (\u201cKVKK\u201d) ve ikincil d\u00fczenlemeleri ve ki\u015fisel verilerin korunmas\u0131na ili\u015fkin sair mevzuat\u0131 uygun olarak i\u015flenmekte ve toplanmaktad\u0131r. [&hellip;]<\/p>\n","protected":false},"author":2,"featured_media":0,"parent":0,"menu_order":0,"comment_status":"closed","ping_status":"closed","template":"","meta":{"footnotes":""},"class_list":["post-2434","page","type-page","status-publish","hentry"],"_links":{"self":[{"href":"https:\/\/www.retuna.co\/en\/wp-json\/wp\/v2\/pages\/2434","targetHints":{"allow":["GET"]}}],"collection":[{"href":"https:\/\/www.retuna.co\/en\/wp-json\/wp\/v2\/pages"}],"about":[{"href":"https:\/\/www.retuna.co\/en\/wp-json\/wp\/v2\/types\/page"}],"author":[{"embeddable":true,"href":"https:\/\/www.retuna.co\/en\/wp-json\/wp\/v2\/users\/2"}],"replies":[{"embeddable":true,"href":"https:\/\/www.retuna.co\/en\/wp-json\/wp\/v2\/comments?post=2434"}],"version-history":[{"count":17,"href":"https:\/\/www.retuna.co\/en\/wp-json\/wp\/v2\/pages\/2434\/revisions"}],"predecessor-version":[{"id":2579,"href":"https:\/\/www.retuna.co\/en\/wp-json\/wp\/v2\/pages\/2434\/revisions\/2579"}],"wp:attachment":[{"href":"https:\/\/www.retuna.co\/en\/wp-json\/wp\/v2\/media?parent=2434"}],"curies":[{"name":"wp","href":"https:\/\/api.w.org\/{rel}","templated":true}]}}