{"id":9,"date":"2024-11-06T19:03:44","date_gmt":"2024-11-06T19:03:44","guid":{"rendered":"https:\/\/retuna.co\/?page_id=9"},"modified":"2025-03-15T13:09:32","modified_gmt":"2025-03-15T13:09:32","slug":"iade-ve-geri-odeme","status":"publish","type":"page","link":"https:\/\/www.retuna.co\/en\/iade-ve-geri-odeme\/","title":{"rendered":"Return and Refund Policy"},"content":{"rendered":"<div data-elementor-type=\"wp-page\" data-elementor-id=\"9\" class=\"elementor elementor-9\" data-elementor-post-type=\"page\">\n\t\t\t\t<div class=\"elementor-element elementor-element-2b4e872 e-flex e-con-boxed e-con e-parent\" data-id=\"2b4e872\" data-element_type=\"container\" data-e-type=\"container\">\n\t\t\t\t\t<div class=\"e-con-inner\">\n\t\t\t\t<div class=\"elementor-element elementor-element-f92be95 elementor-widget elementor-widget-heading\" data-id=\"f92be95\" data-element_type=\"widget\" data-e-type=\"widget\" data-widget_type=\"heading.default\">\n\t\t\t\t<div class=\"elementor-widget-container\">\n\t\t\t\t\t<h2 class=\"elementor-heading-title elementor-size-default\">RETURN AND REFUND POLICY<\/h2>\t\t\t\t<\/div>\n\t\t\t\t<\/div>\n\t\t\t\t\t<\/div>\n\t\t\t\t<\/div>\n\t\t<div class=\"elementor-element elementor-element-30d353ab e-con-full e-flex e-con e-parent\" data-id=\"30d353ab\" data-element_type=\"container\" data-e-type=\"container\" data-settings=\"{&quot;background_background&quot;:&quot;classic&quot;}\">\n\t\t\t\t<div class=\"elementor-element elementor-element-282230a2 elementor-widget__width-inherit elementor-widget elementor-widget-toggle\" data-id=\"282230a2\" data-element_type=\"widget\" data-e-type=\"widget\" data-widget_type=\"toggle.default\">\n\t\t\t\t<div class=\"elementor-widget-container\">\n\t\t\t\t\t\t\t<div class=\"elementor-toggle\">\n\t\t\t\t\t\t\t<div class=\"elementor-toggle-item\">\n\t\t\t\t\t<div id=\"elementor-tab-title-6731\" class=\"elementor-tab-title\" data-tab=\"1\" role=\"button\" aria-controls=\"elementor-tab-content-6731\" aria-expanded=\"false\">\n\t\t\t\t\t\t\t\t\t\t\t\t<a class=\"elementor-toggle-title\" tabindex=\"0\">Need some help?<\/a>\n\t\t\t\t\t<\/div>\n\n\t\t\t\t\t<div id=\"elementor-tab-content-6731\" class=\"elementor-tab-content elementor-clearfix\" data-tab=\"1\" role=\"region\" aria-labelledby=\"elementor-tab-title-6731\"><p>\u0130ade ve geri \u00f6demelerle ilgili t\u00fcm sorular\u0131n\u0131z i\u00e7in&nbsp;<a href=\"https:\/\/www.retuna.co\/en\/iletisim\/\" target=\"_blank\">destek@retuna.co<\/a>&nbsp;adresinden bizimle ileti\u015fime ge\u00e7ebilirsiniz.<\/p><\/div>\n\t\t\t\t<\/div>\n\t\t\t\t\t\t\t<div class=\"elementor-toggle-item\">\n\t\t\t\t\t<div id=\"elementor-tab-title-6732\" class=\"elementor-tab-title\" data-tab=\"2\" role=\"button\" aria-controls=\"elementor-tab-content-6732\" aria-expanded=\"false\">\n\t\t\t\t\t\t\t\t\t\t\t\t<a class=\"elementor-toggle-title\" tabindex=\"0\">Return Conditions<\/a>\n\t\t\t\t\t<\/div>\n\n\t\t\t\t\t<div id=\"elementor-tab-content-6732\" class=\"elementor-tab-content elementor-clearfix\" data-tab=\"2\" role=\"region\" aria-labelledby=\"elementor-tab-title-6732\"><p data-pm-slice=\"1 1 []\">The product to be returned must be unused, in its original packaging and in the condition in which it was received. Gift cards, downloadable software products, and some health or personal care products are not eligible for returns. An invoice or proof of purchase is required for your return.<\/p><\/div>\n\t\t\t\t<\/div>\n\t\t\t\t\t\t\t<div class=\"elementor-toggle-item\">\n\t\t\t\t\t<div id=\"elementor-tab-title-6733\" class=\"elementor-tab-title\" data-tab=\"3\" role=\"button\" aria-controls=\"elementor-tab-content-6733\" aria-expanded=\"false\">\n\t\t\t\t\t\t\t\t\t\t\t\t<a class=\"elementor-toggle-title\" tabindex=\"0\">Partial Refund Situations<\/a>\n\t\t\t\t\t<\/div>\n\n\t\t\t\t\t<div id=\"elementor-tab-content-6733\" class=\"elementor-tab-content elementor-clearfix\" data-tab=\"3\" role=\"region\" aria-labelledby=\"elementor-tab-title-6733\"><ul><li>Products with obvious signs of use<\/li><li>Products that are not in their original packaging, missing or damaged (for reasons not caused by us)<\/li><li>Items returned 30 days after delivery<\/li><\/ul><\/div>\n\t\t\t\t<\/div>\n\t\t\t\t\t\t\t<div class=\"elementor-toggle-item\">\n\t\t\t\t\t<div id=\"elementor-tab-title-6734\" class=\"elementor-tab-title\" data-tab=\"4\" role=\"button\" aria-controls=\"elementor-tab-content-6734\" aria-expanded=\"false\">\n\t\t\t\t\t\t\t\t\t\t\t\t<a class=\"elementor-toggle-title\" tabindex=\"0\">Refund Process<\/a>\n\t\t\t\t\t<\/div>\n\n\t\t\t\t\t<div id=\"elementor-tab-content-6734\" class=\"elementor-tab-content elementor-clearfix\" data-tab=\"4\" role=\"region\" aria-labelledby=\"elementor-tab-title-6734\"><p>If your return is received and reviewed and approved, your payment will be issued to your original payment method within a certain period of time.<\/p><\/div>\n\t\t\t\t<\/div>\n\t\t\t\t\t\t\t<div class=\"elementor-toggle-item\">\n\t\t\t\t\t<div id=\"elementor-tab-title-6735\" class=\"elementor-tab-title\" data-tab=\"5\" role=\"button\" aria-controls=\"elementor-tab-content-6735\" aria-expanded=\"false\">\n\t\t\t\t\t\t\t\t\t\t\t\t<a class=\"elementor-toggle-title\" tabindex=\"0\">Missing or Late Refunds<\/a>\n\t\t\t\t\t<\/div>\n\n\t\t\t\t\t<div id=\"elementor-tab-content-6735\" class=\"elementor-tab-content elementor-clearfix\" data-tab=\"5\" role=\"region\" aria-labelledby=\"elementor-tab-title-6735\"><p>Geri \u00f6demenizi almad\u0131ysan\u0131z \u00f6nce bankan\u0131z\u0131 ve kredi kart\u0131 \u015firketinizi kontrol edin. H\u00e2l\u00e2 sorun ya\u015f\u0131yorsan\u0131z bize\u00a0<a href=\"https:\/\/www.retuna.co\/en\/iletisim\/\" target=\"_blank\" rel=\"noopener\">destek@retuna.co<\/a>\u00a0adresinden ula\u015fabilirsiniz.<\/p><\/div>\n\t\t\t\t<\/div>\n\t\t\t\t\t\t\t<div class=\"elementor-toggle-item\">\n\t\t\t\t\t<div id=\"elementor-tab-title-6736\" class=\"elementor-tab-title\" data-tab=\"6\" role=\"button\" aria-controls=\"elementor-tab-content-6736\" aria-expanded=\"false\">\n\t\t\t\t\t\t\t\t\t\t\t\t<a class=\"elementor-toggle-title\" tabindex=\"0\">Return and Exchange Procedures<\/a>\n\t\t\t\t\t<\/div>\n\n\t\t\t\t\t<div id=\"elementor-tab-content-6736\" class=\"elementor-tab-content elementor-clearfix\" data-tab=\"6\" role=\"region\" aria-labelledby=\"elementor-tab-title-6736\"><p>Yaln\u0131zca kusurlu veya hasarl\u0131 \u00fcr\u00fcnler i\u00e7in de\u011fi\u015fim sa\u011fl\u0131yoruz. Ayn\u0131 \u00fcr\u00fcnle de\u011fi\u015fim i\u00e7in\u00a0<a href=\"https:\/\/www.retuna.co\/en\/iletisim\/\" target=\"_blank\" rel=\"noopener\">destek@retuna.co<\/a>\u00a0adresine e-posta g\u00f6nderin.<\/p><\/div>\n\t\t\t\t<\/div>\n\t\t\t\t\t\t\t\t<\/div>\n\t\t\t\t\t\t<\/div>\n\t\t\t\t<\/div>\n\t\t\t\t<\/div>\n\t\t\t\t<\/div>","protected":false},"excerpt":{"rendered":"<p>\u0130ADE VE GER\u0130 \u00d6DEME POL\u0130T\u0130KASI Yard\u0131ma m\u0131 ihtiyac\u0131n\u0131z var? \u0130ade ve geri \u00f6demelerle ilgili t\u00fcm sorular\u0131n\u0131z i\u00e7in&nbsp;destek@retuna.co&nbsp;adresinden bizimle ileti\u015fime ge\u00e7ebilirsiniz. \u0130ade Ko\u015fullar\u0131 \u0130ade edilecek \u00fcr\u00fcn kullan\u0131lmam\u0131\u015f, orijinal ambalaj\u0131nda ve size ula\u015ft\u0131\u011f\u0131 durumuyla olmal\u0131d\u0131r. Hediye kartlar\u0131, indirilebilir yaz\u0131l\u0131m \u00fcr\u00fcnleri ve baz\u0131 sa\u011fl\u0131k veya ki\u015fisel bak\u0131m \u00fcr\u00fcnleri iade kabul edilmez. \u0130adeniz i\u00e7in fatura veya sat\u0131n alma kan\u0131t\u0131 [&hellip;]<\/p>\n","protected":false},"author":2,"featured_media":0,"parent":0,"menu_order":0,"comment_status":"closed","ping_status":"closed","template":"","meta":{"footnotes":""},"class_list":["post-9","page","type-page","status-publish","hentry"],"_links":{"self":[{"href":"https:\/\/www.retuna.co\/en\/wp-json\/wp\/v2\/pages\/9","targetHints":{"allow":["GET"]}}],"collection":[{"href":"https:\/\/www.retuna.co\/en\/wp-json\/wp\/v2\/pages"}],"about":[{"href":"https:\/\/www.retuna.co\/en\/wp-json\/wp\/v2\/types\/page"}],"author":[{"embeddable":true,"href":"https:\/\/www.retuna.co\/en\/wp-json\/wp\/v2\/users\/2"}],"replies":[{"embeddable":true,"href":"https:\/\/www.retuna.co\/en\/wp-json\/wp\/v2\/comments?post=9"}],"version-history":[{"count":26,"href":"https:\/\/www.retuna.co\/en\/wp-json\/wp\/v2\/pages\/9\/revisions"}],"predecessor-version":[{"id":2114,"href":"https:\/\/www.retuna.co\/en\/wp-json\/wp\/v2\/pages\/9\/revisions\/2114"}],"wp:attachment":[{"href":"https:\/\/www.retuna.co\/en\/wp-json\/wp\/v2\/media?parent=9"}],"curies":[{"name":"wp","href":"https:\/\/api.w.org\/{rel}","templated":true}]}}