{"id":2304,"date":"2025-07-22T19:22:48","date_gmt":"2025-07-22T19:22:48","guid":{"rendered":"https:\/\/www.retuna.co\/?post_type=product&#038;p=2304"},"modified":"2026-01-10T21:01:35","modified_gmt":"2026-01-10T21:01:35","slug":"eyemag-led-kit","status":"publish","type":"product","link":"https:\/\/www.retuna.co\/en\/product\/eyemag-led-kit\/","title":{"rendered":"EYEMAG LED KIT"},"content":{"rendered":"<p data-start=\"491\" data-end=\"844\"><strong data-start=\"491\" data-end=\"509\">EyeMag LED Kit<\/strong>, telefon fla\u015f\u0131n\u0131n yetersiz kald\u0131\u011f\u0131 durumlar i\u00e7in geli\u015ftirilmi\u015f, EyeMag serisi adapt\u00f6rlerle tam uyumlu <strong data-start=\"612\" data-end=\"644\">harici bir \u0131\u015f\u0131k aksesuar\u0131d\u0131r<\/strong>.<br data-start=\"645\" data-end=\"648\" \/>Baz\u0131 telefon modellerinde ana kamera ile fla\u015f aras\u0131nda uzakl\u0131k olmas\u0131 nedeniyle, bu \u00fcr\u00fcn g\u00f6r\u00fcnt\u00fcleme s\u0131ras\u0131nda gerekli \u0131\u015f\u0131\u011f\u0131 do\u011frudan lens hizas\u0131nda sa\u011flayarak net ve ayd\u0131nl\u0131k g\u00f6r\u00fcnt\u00fcler sunar.<\/p>\n<p data-start=\"846\" data-end=\"1060\"><strong data-start=\"846\" data-end=\"864\">Kompakt yap\u0131s\u0131<\/strong>, USB-C ile \u015farj edilebilen bataryas\u0131 ve manyetik telefon tutaca\u011f\u0131na kolay\u0131 montaj\u0131 sayesinde son derece kullan\u0131\u015fl\u0131d\u0131r.<br data-start=\"965\" data-end=\"968\" \/>Ayr\u0131ca yap\u0131lan testlere g\u00f6re <strong data-start=\"997\" data-end=\"1053\">tek \u015farjla 17 saate kadar kesintisiz kullan\u0131m s\u00fcresi<\/strong> sunar.<\/p>\n<p data-start=\"1062\" data-end=\"1230\">EyeMag LED Kit, iPhone Pro\/Pro Max serileri, Samsung Ultra modelleri ve fla\u015f\u0131 lens hizas\u0131nda olmayan t\u00fcm cihazlarda <strong data-start=\"1178\" data-end=\"1230\">net g\u00f6r\u00fcnt\u00fcleme deneyimi sa\u011flamak i\u00e7in idealdir.<\/strong><\/p>\n<p data-start=\"1062\" data-end=\"1230\">Fla\u015f hizas\u0131nda ayd\u0131nlatma isteyen doktorlar, optik uzmanlar ve mobil g\u00f6r\u00fcnt\u00fcleme kullan\u0131c\u0131lar\u0131 i\u00e7in <strong data-start=\"1334\" data-end=\"1370\">g\u00fc\u00e7l\u00fc ve g\u00fcvenilir bir \u00e7\u00f6z\u00fcmd\u00fcr.<\/strong><\/p>\n<p data-start=\"1062\" data-end=\"1230\"><em><strong>LED Kit Sayesinde EyeMag ile Uyumlu Hale Gelen Telefonlar<\/strong><\/em><\/p>\n<p>Baz\u0131 telefon modellerinde fla\u015f, ana kamera lensi ile hizal\u0131 olmad\u0131\u011f\u0131ndan EyeMag ile yeterli ayd\u0131nlatma sa\u011flanamaz. Bu cihazlarda EyeMag LED Kit kullan\u0131m\u0131 \u00f6nerilir.<\/p>\n<p style=\"text-align: center;\"><strong>Apple Serisi<\/strong><\/p>\n<p style=\"text-align: center;\">iPhone 13 Pro \/ 13 Pro Max<\/p>\n<p style=\"text-align: center;\">iPhone 14 Pro \/ 14 Pro Max<\/p>\n<p style=\"text-align: center;\">iPhone 15 Pro \/ 15 Pro Max<\/p>\n<p style=\"text-align: center;\">iPhone 16 Pro \/ 16 Pro Max<\/p>\n<p>&nbsp;<\/p>\n<p style=\"text-align: center;\"><strong>Samsung Serisi <\/strong><\/p>\n<p style=\"text-align: center;\">Galaxy S21 Ultra<\/p>\n<p style=\"text-align: center;\">Galaxy S22 Ultra<\/p>\n<p style=\"text-align: center;\">Galaxy S23 Ultra<\/p>\n<p style=\"text-align: center;\">Galaxy S24 Ultra<\/p>\n<p>&nbsp;<\/p>\n<p style=\"text-align: center;\"><strong>Android Modeller<\/strong><\/p>\n<p style=\"text-align: center;\">Xiaomi 13 Pro \/ 14 Ultra<\/p>\n<p style=\"text-align: center;\">Huawei P50 Pro \/ Mate 50 Pro \/ P60 Pro<\/p>\n<p style=\"text-align: center;\">Vivo X90 Pro \/ X100 Pro<\/p>\n<p style=\"text-align: center;\">Oppo Find X6 Pro \/ Find X7 Ultra<\/p>\n<p>&nbsp;<\/p>\n<p><em><strong>Not: Bu modellerde telefon fla\u015f\u0131 g\u00f6r\u00fcnt\u00fc alan\u0131na ula\u015famad\u0131\u011f\u0131 i\u00e7in, EyeMag LED Kit ile daha net ve parlak g\u00f6r\u00fcnt\u00fcler elde edilir.<\/strong><\/em><\/p>","protected":false},"excerpt":{"rendered":"<p>EyeMag LED Kit, telefon fla\u015f\u0131 ana kamera lensine uzak olan modellerde net g\u00f6r\u00fcnt\u00fcleme sa\u011flayan harici bir \u0131\u015f\u0131k kayna\u011f\u0131d\u0131r. \u00d6zellikle iPhone Pro\/Pro Max ve Samsung Ultra serileri gibi cihazlarla EyeMag adapt\u00f6rleriyle birlikte kullan\u0131lmak \u00fczere tasarlanm\u0131\u015ft\u0131r.<\/p>","protected":false},"featured_media":2327,"comment_status":"closed","ping_status":"closed","template":"","meta":[],"product_brand":[],"product_cat":[73,4],"product_tag":[],"class_list":{"0":"post-2304","1":"product","2":"type-product","3":"status-publish","4":"has-post-thumbnail","6":"product_cat-aksesuarlar-2","7":"product_cat-retuna-eyemag-serisi","9":"first","10":"instock","11":"taxable","12":"shipping-taxable","13":"purchasable","14":"product-type-simple"},"bundled_by":["35","92","836"],"bundle_stock_status":"instock","bundle_stock_quantity":null,"bundle_virtual":false,"bundle_layout":"","bundle_add_to_cart_form_location":"","bundle_editable_in_cart":false,"bundle_sold_individually_context":"","bundle_item_grouping":"","bundle_min_size":"","bundle_max_size":"","bundle_price":[],"bundled_items":[],"bundle_sell_ids":[],"_links":{"self":[{"href":"https:\/\/www.retuna.co\/en\/wp-json\/wp\/v2\/product\/2304","targetHints":{"allow":["GET"]}}],"collection":[{"href":"https:\/\/www.retuna.co\/en\/wp-json\/wp\/v2\/product"}],"about":[{"href":"https:\/\/www.retuna.co\/en\/wp-json\/wp\/v2\/types\/product"}],"replies":[{"embeddable":true,"href":"https:\/\/www.retuna.co\/en\/wp-json\/wp\/v2\/comments?post=2304"}],"wp:featuredmedia":[{"embeddable":true,"href":"https:\/\/www.retuna.co\/en\/wp-json\/wp\/v2\/media\/2327"}],"wp:attachment":[{"href":"https:\/\/www.retuna.co\/en\/wp-json\/wp\/v2\/media?parent=2304"}],"wp:term":[{"taxonomy":"product_brand","embeddable":true,"href":"https:\/\/www.retuna.co\/en\/wp-json\/wp\/v2\/product_brand?post=2304"},{"taxonomy":"product_cat","embeddable":true,"href":"https:\/\/www.retuna.co\/en\/wp-json\/wp\/v2\/product_cat?post=2304"},{"taxonomy":"product_tag","embeddable":true,"href":"https:\/\/www.retuna.co\/en\/wp-json\/wp\/v2\/product_tag?post=2304"}],"curies":[{"name":"wp","href":"https:\/\/api.w.org\/{rel}","templated":true}]}}