{"id":835,"date":"2024-11-14T20:21:41","date_gmt":"2024-11-14T20:21:41","guid":{"rendered":"https:\/\/retuna.co\/?post_type=product&#038;p=835"},"modified":"2025-06-16T15:15:53","modified_gmt":"2025-06-16T15:15:53","slug":"biomag-serisi-tum-set","status":"publish","type":"product","link":"https:\/\/www.retuna.co\/en\/product\/biomag-serisi-tum-set\/","title":{"rendered":"BIOMAG SERIES FULL SET"},"content":{"rendered":"<p>Biomag Serisi T\u00fcm Set, g\u00f6z doktorlar\u0131na \u00e7e\u015fitli biyomikroskop muayenelerinde maksimum esneklik sunmak \u00fczere haz\u0131rlanm\u0131\u015ft\u0131r. BioMag Duo, slit lamp (biyomikroskop) ve ameliyathane biyomikroskoplar\u0131yla uyumlu olup, \u00fcstten s\u0131k\u0131\u015ft\u0131rma mekanizmas\u0131 sayesinde sabit ve g\u00fcvenilir bir kullan\u0131m sa\u011flar. BioMag Handy ise elde ta\u015f\u0131nan biyomikroskoplar i\u00e7in pratik bir adapt\u00f6r olarak tasarlanm\u0131\u015ft\u0131r. Bu set, g\u00f6z muayenelerinde y\u00fcksek kaliteli g\u00f6r\u00fcnt\u00fcler elde etmenize olanak tan\u0131r.<\/p>\n<p>Setin i\u00e7inde gelen tek manyetik telefon tutucu, her iki cihazla uyumludur ve telefonunuzu h\u0131zl\u0131 ve g\u00fcvenli bir \u015fekilde sabitlemenizi sa\u011flar. BioMag Duo &amp; Handy Seti, oftalmoloji ve biyomikroskoplar ile \u00e7al\u0131\u015fan di\u011fer t\u0131bbi alan uzmanlar\u0131n\u0131n ihtiya\u00e7 duydu\u011fu g\u00f6r\u00fcnt\u00fcleme ve ar\u015fivleme ihtiyac\u0131n\u0131 her a\u00e7\u0131dan kar\u015f\u0131lar.<\/p>","protected":false},"excerpt":{"rendered":"<p>The BioMag Duo and Handy set is offered as a package that provides flexibility and versatility in imaging with biomicroscopes. The set comes with a single magnetic phone holder.<\/p>","protected":false},"featured_media":1307,"comment_status":"open","ping_status":"closed","template":"","meta":[],"product_brand":[],"product_cat":[60,65],"product_tag":[],"class_list":{"0":"post-835","1":"product","2":"type-product","3":"status-publish","4":"has-post-thumbnail","6":"product_cat-genel","7":"product_cat-ozel-setler","9":"first","10":"instock","11":"virtual","12":"taxable","13":"purchasable","14":"product-type-bundle"},"bundled_by":[],"bundle_stock_status":"instock","bundle_stock_quantity":"","bundle_virtual":false,"bundle_layout":"default","bundle_add_to_cart_form_location":"default","bundle_editable_in_cart":false,"bundle_sold_individually_context":"product","bundle_item_grouping":"parent","bundle_min_size":"","bundle_max_size":"","bundle_price":{"price":{"min":{"incl_tax":"9500","excl_tax":"7917"},"max":{"incl_tax":"9500","excl_tax":"7917"}},"regular_price":{"min":{"incl_tax":"9500","excl_tax":"7917"},"max":{"incl_tax":"9500","excl_tax":"7917"}}},"bundled_items":[{"bundled_item_id":1,"product_id":33,"menu_order":0,"quantity_min":1,"quantity_max":1,"quantity_default":1,"priced_individually":true,"shipped_individually":false,"override_title":false,"title":"BIOMAG DUO","override_description":true,"description":"Retuna BioMag Duo is a modular device designed to be compatible with all slit lamp models and operating room microscopes, allowing use with all smartphone models. It is compatible with the magnetic phone holder found in the EyeMag 2.0 adapter.","optional":false,"hide_thumbnail":false,"discount":"","override_variations":true,"allowed_variations":[1694],"override_default_variation_attributes":false,"default_variation_attributes":[],"single_product_visibility":"visible","cart_visibility":"hidden","order_visibility":"hidden","single_product_price_visibility":"visible","cart_price_visibility":"visible","order_price_visibility":"visible","stock_status":"in_stock"},{"bundled_item_id":2,"product_id":34,"menu_order":1,"quantity_min":1,"quantity_max":1,"quantity_default":1,"priced_individually":true,"shipped_individually":false,"override_title":false,"title":"BIOMAG HANDY","override_description":true,"description":"Retuna BioMag Handy is a modular adapter compatible with all handheld biomicroscopes and all smartphone models. It is compatible with the magnetic phone holder in the EyeMag 2.0 adapter.","optional":false,"hide_thumbnail":false,"discount":"","override_variations":true,"allowed_variations":[1697],"override_default_variation_attributes":false,"default_variation_attributes":[],"single_product_visibility":"visible","cart_visibility":"hidden","order_visibility":"hidden","single_product_price_visibility":"visible","cart_price_visibility":"visible","order_price_visibility":"visible","stock_status":"in_stock"}],"bundle_sell_ids":[],"_links":{"self":[{"href":"https:\/\/www.retuna.co\/en\/wp-json\/wp\/v2\/product\/835","targetHints":{"allow":["GET"]}}],"collection":[{"href":"https:\/\/www.retuna.co\/en\/wp-json\/wp\/v2\/product"}],"about":[{"href":"https:\/\/www.retuna.co\/en\/wp-json\/wp\/v2\/types\/product"}],"replies":[{"embeddable":true,"href":"https:\/\/www.retuna.co\/en\/wp-json\/wp\/v2\/comments?post=835"}],"wp:featuredmedia":[{"embeddable":true,"href":"https:\/\/www.retuna.co\/en\/wp-json\/wp\/v2\/media\/1307"}],"wp:attachment":[{"href":"https:\/\/www.retuna.co\/en\/wp-json\/wp\/v2\/media?parent=835"}],"wp:term":[{"taxonomy":"product_brand","embeddable":true,"href":"https:\/\/www.retuna.co\/en\/wp-json\/wp\/v2\/product_brand?post=835"},{"taxonomy":"product_cat","embeddable":true,"href":"https:\/\/www.retuna.co\/en\/wp-json\/wp\/v2\/product_cat?post=835"},{"taxonomy":"product_tag","embeddable":true,"href":"https:\/\/www.retuna.co\/en\/wp-json\/wp\/v2\/product_tag?post=835"}],"curies":[{"name":"wp","href":"https:\/\/api.w.org\/{rel}","templated":true}]}}