{"id":836,"date":"2024-11-14T20:39:15","date_gmt":"2024-11-14T20:39:15","guid":{"rendered":"https:\/\/retuna.co\/?post_type=product&#038;p=836"},"modified":"2025-07-25T12:00:59","modified_gmt":"2025-07-25T12:00:59","slug":"retuna-tum-set","status":"publish","type":"product","link":"https:\/\/www.retuna.co\/en\/product\/retuna-tum-set\/","title":{"rendered":"RETUNA ULTIMATE COLLECTION"},"content":{"rendered":"<ul>\n<li>Retuna Complete Set provides an ideal solution for professionals seeking a portable, versatile and clear imaging experience in all areas of ophthalmological imaging. This set offers a wide range of uses, from retinal imaging to imaging requiring an operating microscope and biomicroscope.<\/li>\n<\/ul>\n<p>EyeMag 2.0, g\u00f6z arka segmenti g\u00f6r\u00fcnt\u00fclemesi i\u00e7in \u00f6zel olarak geli\u015ftirilmi\u015f bir adapt\u00f6rd\u00fcr. Hafif ve kompakt yap\u0131s\u0131 sayesinde kolay ta\u015f\u0131nabilir, mod\u00fcler \u00f6zelli\u011fi sayesinde hem biomag serisi \u00fcr\u00fcnlerle uyumludur hem de h\u0131zl\u0131 bir kurulum sa\u011flar. T\u00fcm telefon modelleriyle uyumlu olan EyeMag 2.0, 20-30 dioptri lenslerle de sorunsuz bir \u015fekilde \u00e7al\u0131\u015f\u0131r. 18-29 cm aras\u0131nda ayarlanabilir uzunlu\u011fu ile kullan\u0131c\u0131ya esneklik sunarken, Bluetooth tu\u015fu sayesinde foto\u011fraf ve video \u00e7ekimini kolayla\u015ft\u0131r\u0131r. Retuna EyeMag 2.0, fundus muayenelerinde net ve sabit g\u00f6r\u00fcnt\u00fcler elde etmek isteyen profesyoneller i\u00e7in ideal bir \u00e7\u00f6z\u00fcmd\u00fcr.<\/p>\n<p>The BioMag products offer versatility for eye health observations. The BioMag Duo is designed to be compatible with slit lamps (biomicroscopes) and operating room biomicroscopes, providing stable and secure use with all biomicroscope models thanks to its top-down compression mechanism. The BioMag Handy, on the other hand, is compatible with handheld biomicroscopes, offering practical use in the field or clinic. Both products use the magnetic phone holder compatible with the EyeMag 2.0, ensuring that a single phone holder meets all observation needs.<\/p>\n<p>Bu set, g\u00f6z doktorlar\u0131n\u0131n ihtiya\u00e7 duydu\u011fu \u00e7ok y\u00f6nl\u00fcl\u00fc\u011f\u00fc sa\u011flamakla birlikte, y\u00fcksek kalitede ve net g\u00f6r\u00fcnt\u00fcler sunarak muayene s\u00fcre\u00e7lerini h\u0131zland\u0131r\u0131r ve kolayla\u015ft\u0131r\u0131r. Hem g\u00f6z arka segment g\u00f6r\u00fcnt\u00fclemeleri i\u00e7in EyeMag 2.0\u2019\u0131n sa\u011flad\u0131\u011f\u0131 y\u00fcksek kaliteli g\u00f6r\u00fcnt\u00fclerden, hem de biyomikroskop g\u00f6zlemlerinde BioMag Duo ve Handy\u2019nin sundu\u011fu esneklikten faydalanarak kapsaml\u0131 bir deneyim ya\u015fayabilirsiniz.<\/p>\n<p>&nbsp;<\/p>","protected":false},"excerpt":{"rendered":"<p>Designed for ophthalmologists, this set of EyeMag 2.0 and BioMag products offers a comprehensive observation and imaging solution.<\/p>\n<p>&nbsp;<\/p>","protected":false},"featured_media":1652,"comment_status":"open","ping_status":"closed","template":"","meta":[],"product_brand":[],"product_cat":[60,65],"product_tag":[],"class_list":{"0":"post-836","1":"product","2":"type-product","3":"status-publish","4":"has-post-thumbnail","6":"product_cat-genel","7":"product_cat-ozel-setler","9":"first","10":"instock","11":"virtual","12":"taxable","13":"purchasable","14":"product-type-bundle"},"bundled_by":[],"bundle_stock_status":"instock","bundle_stock_quantity":"","bundle_virtual":false,"bundle_layout":"default","bundle_add_to_cart_form_location":"default","bundle_editable_in_cart":true,"bundle_sold_individually_context":"product","bundle_item_grouping":"parent","bundle_min_size":"","bundle_max_size":"","bundle_price":{"price":{"min":{"incl_tax":"17000","excl_tax":"14167"},"max":{"incl_tax":"20500","excl_tax":"17084"}},"regular_price":{"min":{"incl_tax":"20000","excl_tax":"16667"},"max":{"incl_tax":"23500","excl_tax":"19584"}}},"bundled_items":[{"bundled_item_id":8,"product_id":92,"menu_order":0,"quantity_min":1,"quantity_max":1,"quantity_default":1,"priced_individually":true,"shipped_individually":false,"override_title":false,"title":"EYEMAG 2.0","override_description":true,"description":"EyeMag 2.0, g\u00f6z arka segment g\u00f6r\u00fcnt\u00fclemelerinde t\u00fcm telefon modelleriyle uyumlu, hafif, kompakt ve mod\u00fcler bir adapt\u00f6rd\u00fcr.\r\nNot: E\u011fer telefonunuzun fla\u015f\u0131 ana kameraya uzaksa (iPhone Pro\/Pro Max, Samsung Ultra vb.), net g\u00f6r\u00fcnt\u00fc i\u00e7in Eyemag LED Kit kullan\u0131m\u0131 \u00f6nerilir.","optional":false,"hide_thumbnail":false,"discount":"","override_variations":false,"allowed_variations":[],"override_default_variation_attributes":false,"default_variation_attributes":[],"single_product_visibility":"visible","cart_visibility":"visible","order_visibility":"visible","single_product_price_visibility":"visible","cart_price_visibility":"visible","order_price_visibility":"visible","stock_status":"in_stock"},{"bundled_item_id":9,"product_id":2304,"menu_order":1,"quantity_min":1,"quantity_max":1,"quantity_default":1,"priced_individually":true,"shipped_individually":false,"override_title":false,"title":"EYEMAG LED KIT","override_description":false,"description":"","optional":true,"hide_thumbnail":false,"discount":"","override_variations":false,"allowed_variations":[],"override_default_variation_attributes":false,"default_variation_attributes":[],"single_product_visibility":"visible","cart_visibility":"visible","order_visibility":"visible","single_product_price_visibility":"visible","cart_price_visibility":"visible","order_price_visibility":"visible","stock_status":"in_stock"},{"bundled_item_id":4,"product_id":33,"menu_order":2,"quantity_min":1,"quantity_max":1,"quantity_default":1,"priced_individually":true,"shipped_individually":false,"override_title":false,"title":"BIOMAG DUO","override_description":true,"description":"Retuna BioMag Duo is a modular device designed to be compatible with all slit lamp models and operating room microscopes, allowing use with all smartphone models. It is compatible with the magnetic phone holder found in the EyeMag 2.0 adapter.","optional":false,"hide_thumbnail":false,"discount":"","override_variations":true,"allowed_variations":[1695],"override_default_variation_attributes":false,"default_variation_attributes":[],"single_product_visibility":"visible","cart_visibility":"visible","order_visibility":"visible","single_product_price_visibility":"visible","cart_price_visibility":"visible","order_price_visibility":"visible","stock_status":"in_stock"},{"bundled_item_id":5,"product_id":34,"menu_order":3,"quantity_min":1,"quantity_max":1,"quantity_default":1,"priced_individually":true,"shipped_individually":false,"override_title":false,"title":"BIOMAG HANDY","override_description":true,"description":"Retuna BioMag Handy is a modular adapter compatible with all handheld biomicroscopes and all smartphone models. It is compatible with the magnetic phone holder in the EyeMag 2.0 adapter.","optional":true,"hide_thumbnail":false,"discount":"","override_variations":true,"allowed_variations":[1697],"override_default_variation_attributes":false,"default_variation_attributes":[],"single_product_visibility":"visible","cart_visibility":"visible","order_visibility":"visible","single_product_price_visibility":"visible","cart_price_visibility":"visible","order_price_visibility":"visible","stock_status":"in_stock"}],"bundle_sell_ids":[],"_links":{"self":[{"href":"https:\/\/www.retuna.co\/en\/wp-json\/wp\/v2\/product\/836","targetHints":{"allow":["GET"]}}],"collection":[{"href":"https:\/\/www.retuna.co\/en\/wp-json\/wp\/v2\/product"}],"about":[{"href":"https:\/\/www.retuna.co\/en\/wp-json\/wp\/v2\/types\/product"}],"replies":[{"embeddable":true,"href":"https:\/\/www.retuna.co\/en\/wp-json\/wp\/v2\/comments?post=836"}],"wp:featuredmedia":[{"embeddable":true,"href":"https:\/\/www.retuna.co\/en\/wp-json\/wp\/v2\/media\/1652"}],"wp:attachment":[{"href":"https:\/\/www.retuna.co\/en\/wp-json\/wp\/v2\/media?parent=836"}],"wp:term":[{"taxonomy":"product_brand","embeddable":true,"href":"https:\/\/www.retuna.co\/en\/wp-json\/wp\/v2\/product_brand?post=836"},{"taxonomy":"product_cat","embeddable":true,"href":"https:\/\/www.retuna.co\/en\/wp-json\/wp\/v2\/product_cat?post=836"},{"taxonomy":"product_tag","embeddable":true,"href":"https:\/\/www.retuna.co\/en\/wp-json\/wp\/v2\/product_tag?post=836"}],"curies":[{"name":"wp","href":"https:\/\/api.w.org\/{rel}","templated":true}]}}